{"id":22,"date":"2017-08-31T17:10:02","date_gmt":"2017-08-31T17:10:02","guid":{"rendered":"http:\/\/betreuung-zuhause24.de\/?page_id=22"},"modified":"2017-09-01T08:38:26","modified_gmt":"2017-09-01T08:38:26","slug":"leistungen","status":"publish","type":"page","link":"http:\/\/betreuung-zuhause24.de\/?page_id=22","title":{"rendered":"Leistungen"},"content":{"rendered":"<p><span style=\"color: #cc99ff;\"><strong>Unser Pflegepersonal steht f\u00fcr folgende T\u00e4tigkeiten zur Verf\u00fcgung:<\/strong><\/span><\/p>\n<p><strong>Hauswirtschaftliche T\u00e4tigkeiten:<\/strong><br \/>\nEinkaufen, Kochen, Waschen, B\u00fcgeln, Haus- und Wohnungsversorgung, Haustierversorgung u.v.m.<\/p>\n<p><strong>Grundpflege \/ K\u00f6rperpflege:<\/strong><br \/>\nWaschen, Duschen, Eincremen, Mundpflege, Toilettengang,<br \/>\nAn- und Ausziehen&#8230; .<\/p>\n<p><strong>Motivation und Aktivit\u00e4ten:<\/strong><br \/>\nWenn gesundheitlich m\u00f6glich, gemeinsames Einkaufen, Spazierg\u00e4nge und Ausfl\u00fcge,<br \/>\nArzt- und Beh\u00f6rdeng\u00e4nge, Gesellschaftsspiele.<\/p>\n","protected":false},"excerpt":{"rendered":"<p>Unser Pflegepersonal steht f\u00fcr folgende T\u00e4tigkeiten zur Verf\u00fcgung: Hauswirtschaftliche T\u00e4tigkeiten: Einkaufen, Kochen, Waschen, B\u00fcgeln, Haus- und Wohnungsversorgung, Haustierversorgung u.v.m. Grundpflege \/ K\u00f6rperpflege: Waschen, Duschen, Eincremen, Mundpflege, Toilettengang, An- und Ausziehen&#8230; . Motivation und Aktivit\u00e4ten: Wenn gesundheitlich m\u00f6glich, gemeinsames Einkaufen, Spazierg\u00e4nge und Ausfl\u00fcge, Arzt- und Beh\u00f6rdeng\u00e4nge, Gesellschaftsspiele.<\/p>\n","protected":false},"author":1,"featured_media":0,"parent":0,"menu_order":0,"comment_status":"closed","ping_status":"closed","template":"","meta":{"footnotes":""},"class_list":["post-22","page","type-page","status-publish","hentry"],"_links":{"self":[{"href":"http:\/\/betreuung-zuhause24.de\/index.php?rest_route=\/wp\/v2\/pages\/22","targetHints":{"allow":["GET"]}}],"collection":[{"href":"http:\/\/betreuung-zuhause24.de\/index.php?rest_route=\/wp\/v2\/pages"}],"about":[{"href":"http:\/\/betreuung-zuhause24.de\/index.php?rest_route=\/wp\/v2\/types\/page"}],"author":[{"embeddable":true,"href":"http:\/\/betreuung-zuhause24.de\/index.php?rest_route=\/wp\/v2\/users\/1"}],"replies":[{"embeddable":true,"href":"http:\/\/betreuung-zuhause24.de\/index.php?rest_route=%2Fwp%2Fv2%2Fcomments&post=22"}],"version-history":[{"count":5,"href":"http:\/\/betreuung-zuhause24.de\/index.php?rest_route=\/wp\/v2\/pages\/22\/revisions"}],"predecessor-version":[{"id":155,"href":"http:\/\/betreuung-zuhause24.de\/index.php?rest_route=\/wp\/v2\/pages\/22\/revisions\/155"}],"wp:attachment":[{"href":"http:\/\/betreuung-zuhause24.de\/index.php?rest_route=%2Fwp%2Fv2%2Fmedia&parent=22"}],"curies":[{"name":"wp","href":"https:\/\/api.w.org\/{rel}","templated":true}]}}