{"id":24,"date":"2017-08-31T17:10:02","date_gmt":"2017-08-31T17:10:02","guid":{"rendered":"http:\/\/betreuung-zuhause24.de\/?page_id=24"},"modified":"2017-09-01T08:41:27","modified_gmt":"2017-09-01T08:41:27","slug":"kosten","status":"publish","type":"page","link":"http:\/\/betreuung-zuhause24.de\/?page_id=24","title":{"rendered":"Kosten"},"content":{"rendered":"<div class=\"lbkstyle-div-50-text-right\">\n<p><span style=\"color: #cc99ff;\"><strong>Kosten der 24 Stunden Pflege<\/strong><\/span><\/p>\n<p><strong>Auf Grundlage der im Fragebogen get\u00e4tigten Angaben erstellen wir Ihnen ein unverbindliches Angebot f\u00fcr den Komplettpreis Ihrer 24-Stunden-Pflege.<br \/>\n<\/strong><\/p>\n<p>Unsere umfangreiche und kompetente Beratung sowie die Erstellung Ihres pers\u00f6nlichen Angebots ist selbstverst\u00e4ndlich f\u00fcr Sie kostenfrei und unverbindlich.<\/p>\n<p>Sie k\u00f6nnen von Anfang an mit festen monatlichen Betr\u00e4gen rechnen, bis zur Ankunft Ihrer 24-Stunden-Pflege- und Betreuungskraft entstehen Ihnen lediglich Fahrkosten.<\/p>\n<p>Die Gesamtkosten f\u00fcr eine 24-Stunden-Pflege richten sich nach der H\u00f6he des Betreuungsaufwands sowie Ihren W\u00fcnschen an die Betreuungskraft.<br \/>\nUnser Angebot ist <strong>speziell auf Ihre Bed\u00fcrfnisse angepasst<\/strong> und basiert auf einem <strong>sehr fairen Preis-Leistungs-Verh\u00e4ltnis<\/strong>.<\/p>\n<p>&nbsp;<\/p>\n<p><span style=\"color: #cc99ff;\"><strong>Die folgende Kostenaufstellung dient der Veranschaulichung:<\/strong><\/span><\/p>\n<p>Ber\u00fccksichtigt werden alle anfallenden Kosten der 24-Stunden-Betreuung durch eine polnische Pflegekraft sowie die Inanspruchnahme m\u00f6glicher Verg\u00fcnstigungen.<\/p>\n<p>In unserem Kostenbeispiel zeigen wir die <span style=\"color: #993366;\"><strong>24-Stunden-Betreuung<\/strong> einer 87<strong>-j\u00e4hrigen Dame mit Pflegegrad 3<\/strong>.<\/span><\/p>\n<p>Zu den ben\u00f6tigten Leistungen geh\u00f6ren unter anderem:<\/p>\n<ul class=\"fa-ul kostenseite-aufzaehl-liste\">\n<li><i class=\"fa fa-clock-o\" aria-hidden=\"true\">\u00a0<\/i>24-Stunden-Betreuung<\/li>\n<li><i class=\"fa fa-cutlery\" aria-hidden=\"true\">\u00a0<\/i>Hilfe bei Hygiene, Ankleiden, Essen<\/li>\n<li><i class=\"fa fa-home\" aria-hidden=\"true\">\u00a0<\/i>hauswirtschaftliche Versorgung (Einkaufen, Kochen, Waschen, Reinigen)<\/li>\n<li><i class=\"fa fa-heartbeat\" aria-hidden=\"true\">\u00a0<\/i>Mobilisierung und Hilfe bei gymnastischen \u00dcbungen nach Anleitung von Therapeuten und \u00c4rzten<\/li>\n<li><i class=\"fa fa-user-md\" aria-hidden=\"true\">\u00a0<\/i>Zusammenarbeit mit dem behandelnden Arzt und der Familie der Pflegebed\u00fcrftigen<\/li>\n<li><i class=\"fa fa-sliders\" aria-hidden=\"true\">\u00a0<\/i>individuelle Betreuung nach Absprache (z. B. Versorgung von Haustieren etc.)<\/li>\n<li><i class=\"fa fa-group\" aria-hidden=\"true\">\u00a0<\/i>individuelle Betreuung nach den W\u00fcnschen und Vorlieben des pflegebed\u00fcrftigen (z. B. Besuche von Freunden und Verwandten, kulturelle Veranstaltungen)<\/li>\n<li><i class=\"fa fa-heart-o\" aria-hidden=\"true\">\u00a0<\/i>Zeit f\u00fcr individuelle Zuwendungen wie Spazierg\u00e4nge, Gespr\u00e4che, Vorlesen usw.<\/li>\n<\/ul>\n<\/div>\n<p>&nbsp;<\/p>\n<p><span style=\"color: #cc99ff;\"><strong>Monatliche Gesamtkosten<\/strong><\/span><\/p>\n<p>Gesamtkosten der 24 Stunden Pflege (je nach Anforderungen an die Pflegekraft)\u00a0\u00a0\u00a0 \u20ac \u00a0 \u00a0 2.098,00<\/p>\n<p>Pflegegeld im Pflegegrad 3 bei Demenz\u00a0\u00a0\u00a0\u00a0\u00a0\u00a0\u00a0\u00a0\u00a0\u00a0\u00a0\u00a0\u00a0\u00a0\u00a0\u00a0\u00a0\u00a0\u00a0\u00a0\u00a0\u00a0\u00a0\u00a0\u00a0\u00a0\u00a0\u00a0\u00a0\u00a0\u00a0\u00a0\u00a0\u00a0\u00a0\u00a0\u00a0\u00a0\u00a0\u00a0\u00a0\u00a0\u00a0\u00a0\u00a0\u00a0\u00a0\u00a0\u00a0\u00a0\u00a0\u00a0\u00a0\u00a0\u00a0\u00a0\u00a0\u00a0\u00a0\u00a0\u00a0\u00a0\u00a0\u00a0\u00a0\u00a0\u00a0\u00a0\u00a0\u00a0\u00a0\u00a0 \u00a0\u00a0 \u20ac \u00a0\u00a0 &#8211; 545,00<\/p>\n<p>Verhinderungspflegegeld\u00a0\u00a0\u00a0\u00a0\u00a0\u00a0\u00a0\u00a0\u00a0\u00a0\u00a0\u00a0\u00a0\u00a0\u00a0\u00a0\u00a0\u00a0\u00a0\u00a0\u00a0\u00a0\u00a0\u00a0\u00a0\u00a0\u00a0\u00a0\u00a0\u00a0\u00a0\u00a0\u00a0\u00a0\u00a0\u00a0\u00a0\u00a0\u00a0\u00a0\u00a0\u00a0\u00a0\u00a0\u00a0\u00a0\u00a0\u00a0\u00a0\u00a0\u00a0\u00a0\u00a0\u00a0\u00a0\u00a0\u00a0\u00a0\u00a0\u00a0\u00a0\u00a0\u00a0\u00a0\u00a0\u00a0\u00a0\u00a0\u00a0\u00a0\u00a0\u00a0\u00a0\u00a0\u00a0\u00a0\u00a0\u00a0\u00a0\u00a0\u00a0\u00a0\u00a0\u00a0\u00a0\u00a0\u00a0\u00a0\u00a0\u00a0\u00a0\u00a0\u00a0\u00a0\u00a0 \u00a0 \u00a0 \u20ac \u00a0\u00a0 &#8211; 201,50<\/p>\n<p>M\u00f6glicher Steuervorteil\u00a0\u00a0\u00a0\u00a0\u00a0\u00a0\u00a0\u00a0\u00a0\u00a0\u00a0\u00a0\u00a0\u00a0\u00a0\u00a0\u00a0\u00a0\u00a0\u00a0\u00a0\u00a0\u00a0\u00a0\u00a0\u00a0\u00a0\u00a0\u00a0\u00a0\u00a0\u00a0\u00a0\u00a0\u00a0\u00a0\u00a0\u00a0\u00a0\u00a0\u00a0\u00a0\u00a0\u00a0\u00a0\u00a0\u00a0\u00a0\u00a0\u00a0\u00a0\u00a0\u00a0\u00a0\u00a0\u00a0\u00a0\u00a0\u00a0\u00a0\u00a0\u00a0\u00a0\u00a0\u00a0\u00a0\u00a0\u00a0\u00a0\u00a0\u00a0\u00a0\u00a0\u00a0\u00a0\u00a0\u00a0\u00a0\u00a0\u00a0\u00a0\u00a0\u00a0\u00a0\u00a0\u00a0\u00a0\u00a0\u00a0\u00a0\u00a0\u00a0\u00a0\u00a0\u00a0\u00a0\u00a0 \u00a0 \u00a0\u00a0 \u20ac\u00a0 \u00a0\u00a0 &#8211; 333,00<\/p>\n<p>Monatliche Belastung\u00a0\u00a0\u00a0\u00a0\u00a0\u00a0\u00a0\u00a0\u00a0\u00a0\u00a0\u00a0\u00a0\u00a0\u00a0\u00a0\u00a0\u00a0\u00a0\u00a0\u00a0\u00a0\u00a0\u00a0\u00a0\u00a0\u00a0\u00a0\u00a0\u00a0\u00a0\u00a0\u00a0\u00a0\u00a0\u00a0\u00a0\u00a0\u00a0\u00a0\u00a0\u00a0\u00a0\u00a0\u00a0\u00a0\u00a0\u00a0\u00a0\u00a0\u00a0\u00a0\u00a0\u00a0\u00a0\u00a0\u00a0\u00a0\u00a0\u00a0\u00a0\u00a0\u00a0\u00a0\u00a0\u00a0\u00a0\u00a0\u00a0\u00a0\u00a0\u00a0\u00a0\u00a0\u00a0\u00a0\u00a0\u00a0\u00a0\u00a0\u00a0\u00a0\u00a0\u00a0\u00a0\u00a0\u00a0\u00a0\u00a0\u00a0\u00a0\u00a0\u00a0\u00a0\u00a0\u00a0\u00a0\u00a0 \u00a0 \u00a0 \u00a0\u00a0 \u20ac \u00a0 \u00a0 1.118,00<\/p>\n<p>&nbsp;<\/p>\n<p>&nbsp;<\/p>\n<p><span style=\"color: #cc99ff;\"><strong>M\u00f6gliche Zusch\u00fcsse<\/strong><\/span><\/p>\n<p><strong>Pflegegeld und Verhinderungspflegegeld<\/strong><\/p>\n<p>Bei einer 24 Stunden Betreuung durch eine polnische Pflegekraft steht der zu betreuenden Person das sogenannte Pflegegeld der Pflegekasse zu. Dieses betr\u00e4gt in Abh\u00e4ngigkeit des anerkannten Pflegegrades <strong>zwischen 316,- \u20ac und 901,- \u20ac monatlich<\/strong>. Seit dem 01.01.2017 werden in die Beurteilung der Pflegebed\u00fcrftigkeit und die Zuteilung des Pflegegrades k\u00fcnftig auch geistige und seelische Beeintr\u00e4chtigungen miteinbezogen.<br \/>\nDes Weiteren k\u00f6nnen Leistungen f\u00fcr Verhinderungspflege nach \u00a7 39 SGB XI in H\u00f6he von derzeit <strong>bis zu 1.612,- \u20ac j\u00e4hrlich<\/strong> bei der Pflegekasse beantragt werden. Ab dem Januar 2015 ist eine Ersatzpflege (beispielsweise durch eine polnische Pflegekraft) bis zu 6 Wochen pro Kalenderjahr m\u00f6glich. Au\u00dferdem kann bis zu 50% des Leistungsbetrages f\u00fcr Kurzzeitpflege (bis zu 806 Euro) k\u00fcnftig zus\u00e4tzlich f\u00fcr Verhinderungspflege ausgegeben werden. Wir empfehlen den pers\u00f6nlichen Kontakt mit Ihrer Pflegekasse um die m\u00f6glichen Anspr\u00fcche f\u00fcr eine 24 Stunden Betreuung zu pr\u00fcfen. Beachten Sie hierbei auch die Kombination von Pflegegeld und Pflegesachleistungen zur Sicherstellung einer optimalen Pflege.<\/p>\n<p><span style=\"color: #cc99ff;\"><strong>M\u00f6gliche Steuervorteile<\/strong><\/span><br \/>\nSeit dem 01.01.2009 k\u00f6nnen nach dem Gesetz zur F\u00f6rderung von Familien und haushaltsnahen Dienstleistungen alle haushaltsnahen Dienstleistungen einschlie\u00dflich Pflegeleistungen, bis zu einer H\u00f6he von 4.000,- \u20ac j\u00e4hrlich steuerlich in Abzug gebracht werden. Angeh\u00f6rige, die Kosten f\u00fcr die 24 Stunden Pflege von Familienmitgliedern tragen, haben ebenfalls die M\u00f6glichkeit, einen Teil der Kosten steuerlich als au\u00dfergew\u00f6hnliche Belastung geltend zu machen. Bitte beachten Sie, dass wir keine steuerliche Beratung durchf\u00fchren d\u00fcrfen und steuerliche Aspekte stets vom Einzelfall abh\u00e4ngen. Befragen Sie daher bitte Ihren Steuerberater zu Ihren pers\u00f6nlichen M\u00f6glichkeiten.<\/p>\n<p>Gerne informieren wir Sie detailliert \u00fcber die Kosten und Zusch\u00fcsse der 24 Stunden Pflege durch polnische Pflegekr\u00e4fte.<\/p>\n<p>F\u00fcllen Sie gleich unseren Fragebogen aus und fordern Ihr pers\u00f6nliches Angebot an.<\/p>\n","protected":false},"excerpt":{"rendered":"<p>Kosten der 24 Stunden Pflege Auf Grundlage der im Fragebogen get\u00e4tigten Angaben erstellen wir Ihnen ein unverbindliches Angebot f\u00fcr den Komplettpreis Ihrer 24-Stunden-Pflege. Unsere umfangreiche und kompetente Beratung sowie die Erstellung Ihres pers\u00f6nlichen Angebots ist selbstverst\u00e4ndlich f\u00fcr Sie kostenfrei und unverbindlich. Sie k\u00f6nnen von Anfang an mit festen monatlichen Betr\u00e4gen rechnen, bis zur Ankunft Ihrer 24-Stunden-Pflege- und Betreuungskraft entstehen Ihnen lediglich Fahrkosten. Die Gesamtkosten f\u00fcr eine 24-Stunden-Pflege richten sich nach der H\u00f6he des Betreuungsaufwands sowie Ihren W\u00fcnschen an die Betreuungskraft. Unser Angebot ist speziell auf Ihre Bed\u00fcrfnisse angepasst und basiert auf einem sehr fairen Preis-Leistungs-Verh\u00e4ltnis. &nbsp; Die folgende Kostenaufstellung dient der Veranschaulichung: Ber\u00fccksichtigt werden alle anfallenden Kosten der 24-Stunden-Betreuung durch&hellip; <a class=\"read-more\" href=\"http:\/\/betreuung-zuhause24.de\/?page_id=24\">Mehr Lesen<\/a><\/p>\n","protected":false},"author":1,"featured_media":0,"parent":0,"menu_order":0,"comment_status":"closed","ping_status":"closed","template":"","meta":{"footnotes":""},"class_list":["post-24","page","type-page","status-publish","hentry"],"_links":{"self":[{"href":"http:\/\/betreuung-zuhause24.de\/index.php?rest_route=\/wp\/v2\/pages\/24","targetHints":{"allow":["GET"]}}],"collection":[{"href":"http:\/\/betreuung-zuhause24.de\/index.php?rest_route=\/wp\/v2\/pages"}],"about":[{"href":"http:\/\/betreuung-zuhause24.de\/index.php?rest_route=\/wp\/v2\/types\/page"}],"author":[{"embeddable":true,"href":"http:\/\/betreuung-zuhause24.de\/index.php?rest_route=\/wp\/v2\/users\/1"}],"replies":[{"embeddable":true,"href":"http:\/\/betreuung-zuhause24.de\/index.php?rest_route=%2Fwp%2Fv2%2Fcomments&post=24"}],"version-history":[{"count":14,"href":"http:\/\/betreuung-zuhause24.de\/index.php?rest_route=\/wp\/v2\/pages\/24\/revisions"}],"predecessor-version":[{"id":157,"href":"http:\/\/betreuung-zuhause24.de\/index.php?rest_route=\/wp\/v2\/pages\/24\/revisions\/157"}],"wp:attachment":[{"href":"http:\/\/betreuung-zuhause24.de\/index.php?rest_route=%2Fwp%2Fv2%2Fmedia&parent=24"}],"curies":[{"name":"wp","href":"https:\/\/api.w.org\/{rel}","templated":true}]}}