{"id":25,"date":"2017-08-31T17:10:02","date_gmt":"2017-08-31T17:10:02","guid":{"rendered":"http:\/\/betreuung-zuhause24.de\/?page_id=25"},"modified":"2019-06-11T20:55:15","modified_gmt":"2019-06-11T20:55:15","slug":"angebot","status":"publish","type":"page","link":"http:\/\/betreuung-zuhause24.de\/?page_id=25","title":{"rendered":"Angebot und Ablauf"},"content":{"rendered":"<p><span style=\"color: #cc99ff;\"><strong>Eine faire Alternative zum Pflegeheim.<\/strong><\/span><\/p>\n<p>Unser Ziel ist die Betreuung und Versorgung \u00e4lterer Menschen im eigenen Zuhause.<\/p>\n<p>Unterst\u00fctzung der Angeh\u00f6rigen bei Aufgaben, welche die eigenen Kr\u00e4fte \u00fcbersteigen.<\/p>\n<p>Wir bieten Ihnen bezahlbare Leistungen und vermitteln Betreuungspersonal, das w\u00e4hrend des Einsatzes in h\u00e4uslicher Gemeinschaft mit der pflegebed\u00fcrftigen Person lebt.<\/p>\n<p>Wir erm\u00f6glichen Ihnen und Ihren Angeh\u00f6rigen einen angenehmen und funktionierenden Alltag nach Ihren Vorstellungen.<\/p>\n<p><span style=\"color: #cc99ff;\"><strong>Wie funktioniert die Vermittlung?<\/strong><\/span><\/p>\n<p><b>Sie haben sich entschieden, eine polnische Pflegekraft einzusetzen? <\/b><\/p>\n<p>Dann besteht der erste und wichtigste Schritt f\u00fcr uns darin, mit Ihnen gemeinsam den Pflege- und Betreuungsbedarf zu ermitteln, damit wir eine passende Pflegekraft f\u00fcr Sie oder Ihre Angeh\u00f6rigen finden k\u00f6nnen. Pers\u00f6nliche Beratung ist uns dabei ein gro\u00dfes Anliegen! Aus Erfahrung wissen wir, wie wichtig die pers\u00f6nliche und individuelle Beratung der pflegebed\u00fcrftigen Menschen und der betroffenen Familienmitglieder ist. Jeder Fall ist anders, und wir legen gro\u00dfen Wert darauf, mit Ihnen gemeinsam die f\u00fcr Sie passende L\u00f6sung zu finden.<\/p>\n<div class=\"accordian\">\n<div class=\"toggle-content \">\n<p><span style=\"color: #cc99ff;\"><strong>Gemeinsam<\/strong><\/span> mit Ihnen bewerten wir die individuelle Pflegesituation und\u00a0 ermitteln den Pflege\u2013und Betreuungsbedarf. Wichtig hierbei sind die spezifischen Anforderungen der pflegebed\u00fcrftigen Person wie zum Beispiel das Krankheitsbild und die Erwartungen an die Pflegekraft. Die Bedarfsanalyse ist f\u00fcr uns sehr wichtig, um f\u00fcr Sie die Suche nach einer passenden Pflegekraft zu beginnen.<\/p>\n<p>Bitte f\u00fcllen Sie zur Ermittlung der konkreten Bedarfssituation unseren<strong> <a href=\"http:\/\/betreuung-zuhause24.de\/wp-content\/uploads\/2019\/06\/Fragebogen.pdf\">Fragebogen<\/a><\/strong> sorgf\u00e4ltig aus. Nach Eingang Ihres Fragebogens setzen wir uns unverz\u00fcglich mit Ihnen in Verbindung und kl\u00e4ren mit Ihnen falls notwendig die offenen Fragen.<\/p>\n<p><strong><a href=\"http:\/\/betreuung-zuhause24.de\/wp-content\/uploads\/2019\/06\/Fragebogen.pdf\">Hier geht es zu unserem Fragebogen<\/a>.<\/strong><b><br \/>\n<\/b><\/p>\n<p>M\u00f6chten Sie lieber ein pers\u00f6nliches Telefonat zur Bedarfsermittlung?<\/p>\n<p>Gerne besprechen wir Ihren pers\u00f6nlichen Bedarf auch mit Ihnen am Telefon. Rufen Sie uns einfach direkt an an unter <strong>04832-555643<\/strong> oder wir rufen Sie auch gern zu einem passenden Zeitpunkt zur\u00fcck.<\/p>\n<p>Nach der gemeinsamen Ermittlung\u00a0 des Pflegebedarfs starten wir eine gezielte Anfrage an unsere Partnerunternehmen. Im Normalfall erhalten Sie innerhalb von 24 Stunden mehrere konkrete Vorschl\u00e4ge f\u00fcr Pflegekr\u00e4fte in Form eines \u201eProfils\u201c (kurzer Lebenslauf, bisherige T\u00e4tigkeiten, Erfahrungen, Sprachkenntnisse, Foto etc.). Diese leiten wir nach einer Sichtung und \u00dcberpr\u00fcfung auf Eignung an Sie weiter. Sollte keine der vorgeschlagenen Pflegekr\u00e4fte Ihre Zustimmung finden, organisieren wir weitere Vorschl\u00e4ge, bis wir eine passende Betreuungskraft f\u00fcr Sie gefunden haben.<br \/>\nDurch die Zusammenarbeit mit mehreren starken Partnern in Polen ist gew\u00e4hrleistet, dass wir Ihnen immer eine gro\u00dfe Auswahl an erfahrenen Pflegekr\u00e4ften anbieten k\u00f6nnen! Auf Basis unserer langj\u00e4hrigen Erfahrung sind wir sicher, auch f\u00fcr Sie oder Ihre Angeh\u00f6rigen eine ideale Betreuung zu finden. Und sollte es mal nicht passen, finden wir gemeinsam mit unseren Partnern schnell eine neue L\u00f6sung.<\/p>\n<p>Wenn Sie sich f\u00fcr eine Betreuungskraft entschieden haben und die Pflegerin mit der angebotenen Stelle ebenfalls einverstanden ist, kann der Vertrag mit unserem Partnerunternehmen abgeschlossen werden, und einem Start der Betreuung steht nichts mehr im Wege! Damit Sie sich nicht aufwendig mit juristischen Fragestellungen und anderen Themen besch\u00e4ftigen m\u00fcssen, \u00fcbernehmen wir f\u00fcr Sie als Dienstleister die komplette Abwicklung aller Formalit\u00e4ten und Vertragsthemen. Wir beraten Sie hinsichtlich des zu schlie\u00dfenden Vertrages mit der jeweiligen Partnerfirma und beantworten gerne alle\u00a0diesbez\u00fcglichen\u00a0Fragen.<\/p>\n<p>Da wir nur mit pers\u00f6nlich gepr\u00fcften, seri\u00f6sen und leistungsstarken Partnern in Polen zusammenarbeiten, k\u00f6nnen Sie sich darauf verlassen, dass die Besch\u00e4ftigung Ihrer Pflegekraft zu 100% legal ist. Das garantieren wir.<\/p>\n<p>Vor dem Start der Betreuung und der Einreise der Pflegekraft erstellen wir mit Ihnen einen genauen Betreuungs- und Pflegeplan, in dem alle notwendigen T\u00e4tigkeiten definiert werden. Au\u00dferdem legen wir mit Ihnen den genauen Beginn der 24-Stunden-Betreuung fest. Wir fungieren als Schnittstelle zwischen Ihnen und unseren Partnern und bleiben w\u00e4hrend der gesamten Betreuungszeit Ihr Ansprechpartner. Wir erledigen alle Formalit\u00e4ten, organisieren die An- und Abreisen bei anstehenden Personalwechseln und helfen Ihnen bei eventuellen Verst\u00e4ndigungsschwierigkeiten. Wir stehen Ihnen immer gerne mit Rat und Tat zur Seite und sind f\u00fcr Sie in Notf\u00e4llen durchgehend erreichbar \u2013 auch an Wochenenden und an Feiertagen.<\/p>\n<\/div>\n<\/div>\n","protected":false},"excerpt":{"rendered":"<p>Eine faire Alternative zum Pflegeheim. Unser Ziel ist die Betreuung und Versorgung \u00e4lterer Menschen im eigenen Zuhause. Unterst\u00fctzung der Angeh\u00f6rigen bei Aufgaben, welche die eigenen Kr\u00e4fte \u00fcbersteigen. Wir bieten Ihnen bezahlbare Leistungen und vermitteln Betreuungspersonal, das w\u00e4hrend des Einsatzes in h\u00e4uslicher Gemeinschaft mit der pflegebed\u00fcrftigen Person lebt. Wir erm\u00f6glichen Ihnen und Ihren Angeh\u00f6rigen einen angenehmen und funktionierenden Alltag nach Ihren Vorstellungen. Wie funktioniert die Vermittlung? Sie haben sich entschieden, eine polnische Pflegekraft einzusetzen? Dann besteht der erste und wichtigste Schritt f\u00fcr uns darin, mit Ihnen gemeinsam den Pflege- und Betreuungsbedarf zu ermitteln, damit wir eine passende Pflegekraft f\u00fcr Sie oder Ihre Angeh\u00f6rigen finden k\u00f6nnen. Pers\u00f6nliche Beratung ist uns dabei ein&hellip; <a class=\"read-more\" href=\"http:\/\/betreuung-zuhause24.de\/?page_id=25\">Mehr Lesen<\/a><\/p>\n","protected":false},"author":1,"featured_media":98,"parent":0,"menu_order":0,"comment_status":"closed","ping_status":"closed","template":"","meta":{"footnotes":""},"class_list":["post-25","page","type-page","status-publish","has-post-thumbnail","hentry"],"_links":{"self":[{"href":"http:\/\/betreuung-zuhause24.de\/index.php?rest_route=\/wp\/v2\/pages\/25","targetHints":{"allow":["GET"]}}],"collection":[{"href":"http:\/\/betreuung-zuhause24.de\/index.php?rest_route=\/wp\/v2\/pages"}],"about":[{"href":"http:\/\/betreuung-zuhause24.de\/index.php?rest_route=\/wp\/v2\/types\/page"}],"author":[{"embeddable":true,"href":"http:\/\/betreuung-zuhause24.de\/index.php?rest_route=\/wp\/v2\/users\/1"}],"replies":[{"embeddable":true,"href":"http:\/\/betreuung-zuhause24.de\/index.php?rest_route=%2Fwp%2Fv2%2Fcomments&post=25"}],"version-history":[{"count":8,"href":"http:\/\/betreuung-zuhause24.de\/index.php?rest_route=\/wp\/v2\/pages\/25\/revisions"}],"predecessor-version":[{"id":183,"href":"http:\/\/betreuung-zuhause24.de\/index.php?rest_route=\/wp\/v2\/pages\/25\/revisions\/183"}],"wp:featuredmedia":[{"embeddable":true,"href":"http:\/\/betreuung-zuhause24.de\/index.php?rest_route=\/wp\/v2\/media\/98"}],"wp:attachment":[{"href":"http:\/\/betreuung-zuhause24.de\/index.php?rest_route=%2Fwp%2Fv2%2Fmedia&parent=25"}],"curies":[{"name":"wp","href":"https:\/\/api.w.org\/{rel}","templated":true}]}}