{"id":27,"date":"2017-08-31T17:10:02","date_gmt":"2017-08-31T17:10:02","guid":{"rendered":"http:\/\/betreuung-zuhause24.de\/?page_id=27"},"modified":"2019-06-11T20:58:04","modified_gmt":"2019-06-11T20:58:04","slug":"kontakt","status":"publish","type":"page","link":"http:\/\/betreuung-zuhause24.de\/?page_id=27","title":{"rendered":"Kontakt"},"content":{"rendered":"<p><span style=\"color: #cc99ff;\"><strong>Nehmen Sie Kontakt mit uns auf:<\/strong><\/span><\/p>\n<p>Telefonisch, per Mail oder \u00fcber den\u00a0<a href=\"http:\/\/betreuung-zuhause24.de\/wp-content\/uploads\/2019\/06\/Fragebogen.pdf\">Fragebogen<\/a> hier auf unserer Internetseite.<\/p>\n<p>Wir analysieren die Pflegesituation.<\/p>\n<p>Wir stellen Ihnen geeignete Betreuungspersonen aus Kooperationspartnerfirmen in Polen vor.<\/p>\n<p>Sie w\u00e4hlen ihr Betreuungspersonal aus.<\/p>\n<p>Wir organisieren die Anreise und den Beginn der Betreuung.<\/p>\n<p>W\u00e4hrend der gesamten Laufzeit sind wir Ihr Ansprechpartner vor Ort.<\/p>\n<p>Wir sprechen deutsch und polnisch flie\u00dfend.<\/p>\n<p><span style=\"color: #cc99ff;\"><strong>Kontakt:<\/strong><\/span><\/p>\n<p><span style=\"color: #cc99ff;\"><strong>Betreuu<a id=\"set-post-thumbnail\" class=\"thickbox\" href=\"http:\/\/betreuung-zuhause24.de\/wp-admin\/media-upload.php?post_id=27&amp;type=image&amp;TB_iframe=1\" aria-describedby=\"set-post-thumbnail-desc\"><img loading=\"lazy\" decoding=\"async\" class=\"attachment-266x266 size-266x266 alignleft\" src=\"http:\/\/betreuung-zuhause24.de\/wp-content\/uploads\/2017\/08\/Facebook-Profilfoto-klein-300x300.jpg\" sizes=\"auto, (max-width: 266px) 100vw, 266px\" srcset=\"http:\/\/betreuung-zuhause24.de\/wp-content\/uploads\/2017\/08\/Facebook-Profilfoto-klein-300x300.jpg 300w, http:\/\/betreuung-zuhause24.de\/wp-content\/uploads\/2017\/08\/Facebook-Profilfoto-klein-150x150.jpg 150w, http:\/\/betreuung-zuhause24.de\/wp-content\/uploads\/2017\/08\/Facebook-Profilfoto-klein.jpg 500w\" alt=\"\" width=\"266\" height=\"266\" \/><\/a>ng zu Hause 24<\/strong><\/span><br \/>\nInh. Marzena Kr\u00f6ger<br \/>\nMarner Stra\u00dfe 14<br \/>\n25704 Meldorf<\/p>\n<p>Telefon 04832 555643<br \/>\nMobil 0172 5791718<br \/>\n<a href=\"mailto:info@betreuung-zuhause24.de\">info@betreuung-zuhause24.de<\/a><br \/>\n<a href=\"http:\/\/www.betreuung-zuhause24.de\">www.betreuung-zuhause24.de<\/a><\/p>\n","protected":false},"excerpt":{"rendered":"<p>Nehmen Sie Kontakt mit uns auf: Telefonisch, per Mail oder \u00fcber den\u00a0Fragebogen hier auf unserer Internetseite. Wir analysieren die Pflegesituation. Wir stellen Ihnen geeignete Betreuungspersonen aus Kooperationspartnerfirmen in Polen vor. Sie w\u00e4hlen ihr Betreuungspersonal aus. Wir organisieren die Anreise und den Beginn der Betreuung. W\u00e4hrend der gesamten Laufzeit sind wir Ihr Ansprechpartner vor Ort. Wir sprechen deutsch und polnisch flie\u00dfend. Kontakt: Betreuung zu Hause 24 Inh. Marzena Kr\u00f6ger Marner Stra\u00dfe 14 25704 Meldorf Telefon 04832 555643 Mobil 0172 5791718 info@betreuung-zuhause24.de www.betreuung-zuhause24.de<\/p>\n","protected":false},"author":1,"featured_media":9,"parent":0,"menu_order":0,"comment_status":"closed","ping_status":"closed","template":"","meta":{"footnotes":""},"class_list":["post-27","page","type-page","status-publish","has-post-thumbnail","hentry"],"_links":{"self":[{"href":"http:\/\/betreuung-zuhause24.de\/index.php?rest_route=\/wp\/v2\/pages\/27","targetHints":{"allow":["GET"]}}],"collection":[{"href":"http:\/\/betreuung-zuhause24.de\/index.php?rest_route=\/wp\/v2\/pages"}],"about":[{"href":"http:\/\/betreuung-zuhause24.de\/index.php?rest_route=\/wp\/v2\/types\/page"}],"author":[{"embeddable":true,"href":"http:\/\/betreuung-zuhause24.de\/index.php?rest_route=\/wp\/v2\/users\/1"}],"replies":[{"embeddable":true,"href":"http:\/\/betreuung-zuhause24.de\/index.php?rest_route=%2Fwp%2Fv2%2Fcomments&post=27"}],"version-history":[{"count":9,"href":"http:\/\/betreuung-zuhause24.de\/index.php?rest_route=\/wp\/v2\/pages\/27\/revisions"}],"predecessor-version":[{"id":185,"href":"http:\/\/betreuung-zuhause24.de\/index.php?rest_route=\/wp\/v2\/pages\/27\/revisions\/185"}],"wp:featuredmedia":[{"embeddable":true,"href":"http:\/\/betreuung-zuhause24.de\/index.php?rest_route=\/wp\/v2\/media\/9"}],"wp:attachment":[{"href":"http:\/\/betreuung-zuhause24.de\/index.php?rest_route=%2Fwp%2Fv2%2Fmedia&parent=27"}],"curies":[{"name":"wp","href":"https:\/\/api.w.org\/{rel}","templated":true}]}}